{"id":10200,"date":"2022-07-20T07:43:33","date_gmt":"2022-07-20T03:43:33","guid":{"rendered":"https:\/\/locadodo974.com\/event-venues\/"},"modified":"2023-08-19T17:01:27","modified_gmt":"2023-08-19T13:01:27","slug":"event-venues","status":"publish","type":"page","link":"https:\/\/locadodo974.com\/en\/event-venues\/","title":{"rendered":"Event Venues"},"content":{"rendered":"<p>[event_venues]<\/p>\n","protected":false},"excerpt":{"rendered":"<p>[event_venues]<\/p>\n","protected":false},"author":1,"featured_media":0,"parent":0,"menu_order":10,"comment_status":"closed","ping_status":"closed","template":"","meta":{"footnotes":""},"class_list":["post-10200","page","type-page","status-publish","hentry"],"yoast_head":"<!-- This site is optimized with the Yoast SEO plugin v27.3 - https:\/\/yoast.com\/product\/yoast-seo-wordpress\/ -->\n<title>Event Venues - Locadodo %<\/title>\n<meta name=\"robots\" content=\"index, follow, max-snippet:-1, max-image-preview:large, max-video-preview:-1\" \/>\n<link rel=\"canonical\" href=\"https:\/\/locadodo974.com\/en\/event-venues\/\" \/>\n<meta property=\"og:locale\" content=\"en_US\" \/>\n<meta property=\"og:type\" content=\"article\" \/>\n<meta property=\"og:title\" content=\"Event Venues - Locadodo %\" \/>\n<meta property=\"og:description\" content=\"[event_venues]\" \/>\n<meta property=\"og:url\" content=\"https:\/\/locadodo974.com\/en\/event-venues\/\" \/>\n<meta property=\"og:site_name\" content=\"Locadodo\" \/>\n<meta property=\"article:publisher\" content=\"http:\/\/www.facebook.com\/locadodo\" \/>\n<meta property=\"article:modified_time\" content=\"2023-08-19T13:01:27+00:00\" \/>\n<meta property=\"og:image\" content=\"https:\/\/locadodo974.com\/wp-content\/uploads\/2021\/06\/FINAL-LOGO-Option-2-3.png\" \/>\n\t<meta property=\"og:image:width\" content=\"1597\" \/>\n\t<meta property=\"og:image:height\" content=\"1375\" \/>\n\t<meta property=\"og:image:type\" content=\"image\/png\" \/>\n<meta name=\"twitter:card\" content=\"summary_large_image\" \/>\n<script type=\"application\/ld+json\" class=\"yoast-schema-graph\">{\"@context\":\"https:\\\/\\\/schema.org\",\"@graph\":[{\"@type\":\"WebPage\",\"@id\":\"https:\\\/\\\/locadodo974.com\\\/event-venues\\\/\",\"url\":\"https:\\\/\\\/locadodo974.com\\\/event-venues\\\/\",\"name\":\"Event Venues - Locadodo %\",\"isPartOf\":{\"@id\":\"https:\\\/\\\/locadodo974.com\\\/#website\"},\"datePublished\":\"2022-07-20T03:43:33+00:00\",\"dateModified\":\"2023-08-19T13:01:27+00:00\",\"breadcrumb\":{\"@id\":\"https:\\\/\\\/locadodo974.com\\\/event-venues\\\/#breadcrumb\"},\"inLanguage\":\"en-US\",\"potentialAction\":[{\"@type\":\"ReadAction\",\"target\":[\"https:\\\/\\\/locadodo974.com\\\/event-venues\\\/\"]}]},{\"@type\":\"BreadcrumbList\",\"@id\":\"https:\\\/\\\/locadodo974.com\\\/event-venues\\\/#breadcrumb\",\"itemListElement\":[{\"@type\":\"ListItem\",\"position\":1,\"name\":\"Accueil\",\"item\":\"https:\\\/\\\/locadodo974.com\\\/\"},{\"@type\":\"ListItem\",\"position\":2,\"name\":\"Event Venues\"}]},{\"@type\":\"WebSite\",\"@id\":\"https:\\\/\\\/locadodo974.com\\\/#website\",\"url\":\"https:\\\/\\\/locadodo974.com\\\/\",\"name\":\"Loca Dodo Locations Saisonni\u00e8res \u00e0 La R\u00e9union\",\"description\":\"Conciergerie - Locations saisonni\u00e8res et temporaires\",\"publisher\":{\"@id\":\"https:\\\/\\\/locadodo974.com\\\/#organization\"},\"alternateName\":\"Locadodo 974\",\"potentialAction\":[{\"@type\":\"SearchAction\",\"target\":{\"@type\":\"EntryPoint\",\"urlTemplate\":\"https:\\\/\\\/locadodo974.com\\\/?s={search_term_string}\"},\"query-input\":{\"@type\":\"PropertyValueSpecification\",\"valueRequired\":true,\"valueName\":\"search_term_string\"}}],\"inLanguage\":\"en-US\"},{\"@type\":\"Organization\",\"@id\":\"https:\\\/\\\/locadodo974.com\\\/#organization\",\"name\":\"LocaDodo\",\"url\":\"https:\\\/\\\/locadodo974.com\\\/\",\"logo\":{\"@type\":\"ImageObject\",\"inLanguage\":\"en-US\",\"@id\":\"https:\\\/\\\/locadodo974.com\\\/#\\\/schema\\\/logo\\\/image\\\/\",\"url\":\"https:\\\/\\\/locadodo974.com\\\/wp-content\\\/uploads\\\/2021\\\/06\\\/FINAL-LOGO-Option-2.jpg\",\"contentUrl\":\"https:\\\/\\\/locadodo974.com\\\/wp-content\\\/uploads\\\/2021\\\/06\\\/FINAL-LOGO-Option-2.jpg\",\"width\":1597,\"height\":1375,\"caption\":\"LocaDodo\"},\"image\":{\"@id\":\"https:\\\/\\\/locadodo974.com\\\/#\\\/schema\\\/logo\\\/image\\\/\"},\"sameAs\":[\"http:\\\/\\\/www.facebook.com\\\/locadodo\"]}]}<\/script>\n<!-- \/ Yoast SEO plugin. -->","yoast_head_json":{"title":"Event Venues - Locadodo %","robots":{"index":"index","follow":"follow","max-snippet":"max-snippet:-1","max-image-preview":"max-image-preview:large","max-video-preview":"max-video-preview:-1"},"canonical":"https:\/\/locadodo974.com\/en\/event-venues\/","og_locale":"en_US","og_type":"article","og_title":"Event Venues - Locadodo %","og_description":"[event_venues]","og_url":"https:\/\/locadodo974.com\/en\/event-venues\/","og_site_name":"Locadodo","article_publisher":"http:\/\/www.facebook.com\/locadodo","article_modified_time":"2023-08-19T13:01:27+00:00","og_image":[{"width":1597,"height":1375,"url":"https:\/\/locadodo974.com\/wp-content\/uploads\/2021\/06\/FINAL-LOGO-Option-2-3.png","type":"image\/png"}],"twitter_card":"summary_large_image","schema":{"@context":"https:\/\/schema.org","@graph":[{"@type":"WebPage","@id":"https:\/\/locadodo974.com\/event-venues\/","url":"https:\/\/locadodo974.com\/event-venues\/","name":"Event Venues - Locadodo %","isPartOf":{"@id":"https:\/\/locadodo974.com\/#website"},"datePublished":"2022-07-20T03:43:33+00:00","dateModified":"2023-08-19T13:01:27+00:00","breadcrumb":{"@id":"https:\/\/locadodo974.com\/event-venues\/#breadcrumb"},"inLanguage":"en-US","potentialAction":[{"@type":"ReadAction","target":["https:\/\/locadodo974.com\/event-venues\/"]}]},{"@type":"BreadcrumbList","@id":"https:\/\/locadodo974.com\/event-venues\/#breadcrumb","itemListElement":[{"@type":"ListItem","position":1,"name":"Accueil","item":"https:\/\/locadodo974.com\/"},{"@type":"ListItem","position":2,"name":"Event Venues"}]},{"@type":"WebSite","@id":"https:\/\/locadodo974.com\/#website","url":"https:\/\/locadodo974.com\/","name":"Loca Dodo Locations Saisonni\u00e8res \u00e0 La R\u00e9union","description":"Conciergerie - Locations saisonni\u00e8res et temporaires","publisher":{"@id":"https:\/\/locadodo974.com\/#organization"},"alternateName":"Locadodo 974","potentialAction":[{"@type":"SearchAction","target":{"@type":"EntryPoint","urlTemplate":"https:\/\/locadodo974.com\/?s={search_term_string}"},"query-input":{"@type":"PropertyValueSpecification","valueRequired":true,"valueName":"search_term_string"}}],"inLanguage":"en-US"},{"@type":"Organization","@id":"https:\/\/locadodo974.com\/#organization","name":"LocaDodo","url":"https:\/\/locadodo974.com\/","logo":{"@type":"ImageObject","inLanguage":"en-US","@id":"https:\/\/locadodo974.com\/#\/schema\/logo\/image\/","url":"https:\/\/locadodo974.com\/wp-content\/uploads\/2021\/06\/FINAL-LOGO-Option-2.jpg","contentUrl":"https:\/\/locadodo974.com\/wp-content\/uploads\/2021\/06\/FINAL-LOGO-Option-2.jpg","width":1597,"height":1375,"caption":"LocaDodo"},"image":{"@id":"https:\/\/locadodo974.com\/#\/schema\/logo\/image\/"},"sameAs":["http:\/\/www.facebook.com\/locadodo"]}]}},"_links":{"self":[{"href":"https:\/\/locadodo974.com\/en\/wp-json\/wp\/v2\/pages\/10200","targetHints":{"allow":["GET"]}}],"collection":[{"href":"https:\/\/locadodo974.com\/en\/wp-json\/wp\/v2\/pages"}],"about":[{"href":"https:\/\/locadodo974.com\/en\/wp-json\/wp\/v2\/types\/page"}],"author":[{"embeddable":true,"href":"https:\/\/locadodo974.com\/en\/wp-json\/wp\/v2\/users\/1"}],"replies":[{"embeddable":true,"href":"https:\/\/locadodo974.com\/en\/wp-json\/wp\/v2\/comments?post=10200"}],"version-history":[{"count":0,"href":"https:\/\/locadodo974.com\/en\/wp-json\/wp\/v2\/pages\/10200\/revisions"}],"wp:attachment":[{"href":"https:\/\/locadodo974.com\/en\/wp-json\/wp\/v2\/media?parent=10200"}],"curies":[{"name":"wp","href":"https:\/\/api.w.org\/{rel}","templated":true}]}}