{"id":570,"date":"2019-03-21T22:31:36","date_gmt":"2019-03-21T22:31:36","guid":{"rendered":"https:\/\/import.themovation.com\/bellevue2\/chalet\/?page_id=1259"},"modified":"2021-06-16T22:07:58","modified_gmt":"2021-06-16T18:07:58","slug":"transaction-failed","status":"publish","type":"page","link":"https:\/\/locadodo974.com\/en\/booking-confirmation\/transaction-failed\/","title":{"rendered":"Transaction Failed"},"content":{"rendered":"<div data-elementor-type=\"wp-post\" data-elementor-id=\"570\" class=\"elementor elementor-570\">\n\t\t\t\t\t\t<section class=\"elementor-section elementor-top-section elementor-element elementor-element-5d338c96 elementor-section-height-min-height elementor-section-boxed elementor-section-height-default elementor-section-items-middle\" data-id=\"5d338c96\" data-element_type=\"section\" data-e-type=\"section\" data-settings=\"{&quot;background_background&quot;:&quot;classic&quot;}\">\n\t\t\t\t\t\t\t<div class=\"elementor-background-overlay\"><\/div>\n\t\t\t\t\t\t\t<div class=\"elementor-container elementor-column-gap-default\">\n\t\t\t\t\t<div class=\"elementor-column elementor-col-100 elementor-top-column elementor-element elementor-element-644f6a7f\" data-id=\"644f6a7f\" data-element_type=\"column\" data-e-type=\"column\">\n\t\t\t<div class=\"elementor-widget-wrap elementor-element-populated\">\n\t\t\t\t\t\t<div class=\"elementor-element elementor-element-3958fe5a elementor-widget elementor-widget-spacer\" data-id=\"3958fe5a\" data-element_type=\"widget\" data-e-type=\"widget\" data-widget_type=\"spacer.default\">\n\t\t\t\t<div class=\"elementor-widget-container\">\n\t\t\t\t\t\t\t<div class=\"elementor-spacer\">\n\t\t\t<div class=\"elementor-spacer-inner\"><\/div>\n\t\t<\/div>\n\t\t\t\t\t\t<\/div>\n\t\t\t\t<\/div>\n\t\t\t\t<div class=\"elementor-element elementor-element-69f0a4a5 elementor-view-default elementor-position-top elementor-widget elementor-widget-themo-header\" data-id=\"69f0a4a5\" data-element_type=\"widget\" data-e-type=\"widget\" data-widget_type=\"themo-header.default\">\n\t\t\t\t<div class=\"elementor-widget-container\">\n\t\t\t\t\t\t\t<div class=\"th-header-wrap\">\n        <div class=\"elementor-icon-box-wrapper\">\n                            <div class=\"elementor-icon-box-content\">\n                    <h1 class=\"elementor-icon-box-title\">\n                        Transaction Failed                    <\/h1>\n                                        <p class=\"elementor-icon-box-description\"><\/p>\n\n                                    <\/div>\n            <\/div>\n\n        <\/div>\n\n\t\t\t\t\t\t<\/div>\n\t\t\t\t<\/div>\n\t\t\t\t\t<\/div>\n\t\t<\/div>\n\t\t\t\t\t<\/div>\n\t\t<\/section>\n\t\t\t\t<section class=\"elementor-section elementor-top-section elementor-element elementor-element-1b0ee5c3 elementor-section-boxed elementor-section-height-default elementor-section-height-default\" data-id=\"1b0ee5c3\" data-element_type=\"section\" data-e-type=\"section\">\n\t\t\t\t\t\t<div class=\"elementor-container elementor-column-gap-default\">\n\t\t\t\t\t<div class=\"elementor-column elementor-col-100 elementor-top-column elementor-element elementor-element-7b6756e\" data-id=\"7b6756e\" data-element_type=\"column\" data-e-type=\"column\">\n\t\t\t<div class=\"elementor-widget-wrap elementor-element-populated\">\n\t\t\t\t\t\t<div class=\"elementor-element elementor-element-12adfc57 elementor-widget elementor-widget-spacer\" data-id=\"12adfc57\" data-element_type=\"widget\" data-e-type=\"widget\" data-widget_type=\"spacer.default\">\n\t\t\t\t<div class=\"elementor-widget-container\">\n\t\t\t\t\t\t\t<div class=\"elementor-spacer\">\n\t\t\t<div class=\"elementor-spacer-inner\"><\/div>\n\t\t<\/div>\n\t\t\t\t\t\t<\/div>\n\t\t\t\t<\/div>\n\t\t\t\t<div class=\"elementor-element elementor-element-1112a41b elementor-widget elementor-widget-text-editor\" data-id=\"1112a41b\" data-element_type=\"widget\" data-e-type=\"widget\" data-widget_type=\"text-editor.default\">\n\t\t\t\t<div class=\"elementor-widget-container\">\n\t\t\t\t\t\t\t\t\t<p>Unfortunately, your transaction cannot be completed at this time. Please try again or contact us.<\/p>\t\t\t\t\t\t\t\t<\/div>\n\t\t\t\t<\/div>\n\t\t\t\t<div class=\"elementor-element elementor-element-7ab03de1 elementor-widget elementor-widget-spacer\" data-id=\"7ab03de1\" data-element_type=\"widget\" data-e-type=\"widget\" data-widget_type=\"spacer.default\">\n\t\t\t\t<div class=\"elementor-widget-container\">\n\t\t\t\t\t\t\t<div class=\"elementor-spacer\">\n\t\t\t<div class=\"elementor-spacer-inner\"><\/div>\n\t\t<\/div>\n\t\t\t\t\t\t<\/div>\n\t\t\t\t<\/div>\n\t\t\t\t\t<\/div>\n\t\t<\/div>\n\t\t\t\t\t<\/div>\n\t\t<\/section>\n\t\t\t\t<\/div>","protected":false},"excerpt":{"rendered":"<p>Transaction Failed Unfortunately, your transaction cannot be completed at this time. Please try again or contact us.<\/p>","protected":false},"author":1,"featured_media":0,"parent":572,"menu_order":4,"comment_status":"closed","ping_status":"closed","template":"","meta":{"footnotes":""},"class_list":["post-570","page","type-page","status-publish","hentry"],"yoast_head":"<!-- This site is optimized with the Yoast SEO plugin v27.4 - https:\/\/yoast.com\/product\/yoast-seo-wordpress\/ -->\n<title>Transaction Failed - Locadodo %<\/title>\n<meta name=\"robots\" content=\"index, follow, max-snippet:-1, max-image-preview:large, max-video-preview:-1\" \/>\n<link rel=\"canonical\" href=\"https:\/\/locadodo974.com\/en\/booking-confirmation\/transaction-failed\/\" \/>\n<meta property=\"og:locale\" content=\"en_US\" \/>\n<meta property=\"og:type\" content=\"article\" \/>\n<meta property=\"og:title\" content=\"Transaction Failed - Locadodo %\" \/>\n<meta property=\"og:description\" content=\"Transaction Failed Unfortunately, your transaction cannot be completed at this time. Please try again or contact us.\" \/>\n<meta property=\"og:url\" content=\"https:\/\/locadodo974.com\/en\/booking-confirmation\/transaction-failed\/\" \/>\n<meta property=\"og:site_name\" content=\"Locadodo\" \/>\n<meta property=\"article:publisher\" content=\"http:\/\/www.facebook.com\/locadodo\" \/>\n<meta property=\"article:modified_time\" content=\"2021-06-16T18:07:58+00:00\" \/>\n<meta property=\"og:image\" content=\"https:\/\/locadodo974.com\/wp-content\/uploads\/2021\/06\/FINAL-LOGO-Option-2-3.png\" \/>\n\t<meta property=\"og:image:width\" content=\"1597\" \/>\n\t<meta property=\"og:image:height\" content=\"1375\" \/>\n\t<meta property=\"og:image:type\" content=\"image\/png\" \/>\n<meta name=\"twitter:card\" content=\"summary_large_image\" \/>\n<script type=\"application\/ld+json\" class=\"yoast-schema-graph\">{\"@context\":\"https:\\\/\\\/schema.org\",\"@graph\":[{\"@type\":\"WebPage\",\"@id\":\"https:\\\/\\\/locadodo974.com\\\/booking-confirmation\\\/transaction-failed\\\/\",\"url\":\"https:\\\/\\\/locadodo974.com\\\/booking-confirmation\\\/transaction-failed\\\/\",\"name\":\"Transaction Failed - Locadodo %\",\"isPartOf\":{\"@id\":\"https:\\\/\\\/locadodo974.com\\\/#website\"},\"datePublished\":\"2019-03-21T22:31:36+00:00\",\"dateModified\":\"2021-06-16T18:07:58+00:00\",\"breadcrumb\":{\"@id\":\"https:\\\/\\\/locadodo974.com\\\/booking-confirmation\\\/transaction-failed\\\/#breadcrumb\"},\"inLanguage\":\"en-US\",\"potentialAction\":[{\"@type\":\"ReadAction\",\"target\":[\"https:\\\/\\\/locadodo974.com\\\/booking-confirmation\\\/transaction-failed\\\/\"]}]},{\"@type\":\"BreadcrumbList\",\"@id\":\"https:\\\/\\\/locadodo974.com\\\/booking-confirmation\\\/transaction-failed\\\/#breadcrumb\",\"itemListElement\":[{\"@type\":\"ListItem\",\"position\":1,\"name\":\"Accueil\",\"item\":\"https:\\\/\\\/locadodo974.com\\\/\"},{\"@type\":\"ListItem\",\"position\":2,\"name\":\"Booking Confirmation\",\"item\":\"https:\\\/\\\/locadodo974.com\\\/booking-confirmation\\\/\"},{\"@type\":\"ListItem\",\"position\":3,\"name\":\"Transaction Failed\"}]},{\"@type\":\"WebSite\",\"@id\":\"https:\\\/\\\/locadodo974.com\\\/#website\",\"url\":\"https:\\\/\\\/locadodo974.com\\\/\",\"name\":\"Loca Dodo Locations Saisonni\u00e8res \u00e0 La R\u00e9union\",\"description\":\"Conciergerie - Locations saisonni\u00e8res et temporaires\",\"publisher\":{\"@id\":\"https:\\\/\\\/locadodo974.com\\\/#organization\"},\"alternateName\":\"Locadodo 974\",\"potentialAction\":[{\"@type\":\"SearchAction\",\"target\":{\"@type\":\"EntryPoint\",\"urlTemplate\":\"https:\\\/\\\/locadodo974.com\\\/?s={search_term_string}\"},\"query-input\":{\"@type\":\"PropertyValueSpecification\",\"valueRequired\":true,\"valueName\":\"search_term_string\"}}],\"inLanguage\":\"en-US\"},{\"@type\":\"Organization\",\"@id\":\"https:\\\/\\\/locadodo974.com\\\/#organization\",\"name\":\"LocaDodo\",\"url\":\"https:\\\/\\\/locadodo974.com\\\/\",\"logo\":{\"@type\":\"ImageObject\",\"inLanguage\":\"en-US\",\"@id\":\"https:\\\/\\\/locadodo974.com\\\/#\\\/schema\\\/logo\\\/image\\\/\",\"url\":\"https:\\\/\\\/locadodo974.com\\\/wp-content\\\/uploads\\\/2021\\\/06\\\/FINAL-LOGO-Option-2.jpg\",\"contentUrl\":\"https:\\\/\\\/locadodo974.com\\\/wp-content\\\/uploads\\\/2021\\\/06\\\/FINAL-LOGO-Option-2.jpg\",\"width\":1597,\"height\":1375,\"caption\":\"LocaDodo\"},\"image\":{\"@id\":\"https:\\\/\\\/locadodo974.com\\\/#\\\/schema\\\/logo\\\/image\\\/\"},\"sameAs\":[\"http:\\\/\\\/www.facebook.com\\\/locadodo\"]}]}<\/script>\n<!-- \/ Yoast SEO plugin. -->","yoast_head_json":{"title":"Transaction Failed - Locadodo %","robots":{"index":"index","follow":"follow","max-snippet":"max-snippet:-1","max-image-preview":"max-image-preview:large","max-video-preview":"max-video-preview:-1"},"canonical":"https:\/\/locadodo974.com\/en\/booking-confirmation\/transaction-failed\/","og_locale":"en_US","og_type":"article","og_title":"Transaction Failed - Locadodo %","og_description":"Transaction Failed Unfortunately, your transaction cannot be completed at this time. Please try again or contact us.","og_url":"https:\/\/locadodo974.com\/en\/booking-confirmation\/transaction-failed\/","og_site_name":"Locadodo","article_publisher":"http:\/\/www.facebook.com\/locadodo","article_modified_time":"2021-06-16T18:07:58+00:00","og_image":[{"width":1597,"height":1375,"url":"https:\/\/locadodo974.com\/wp-content\/uploads\/2021\/06\/FINAL-LOGO-Option-2-3.png","type":"image\/png"}],"twitter_card":"summary_large_image","schema":{"@context":"https:\/\/schema.org","@graph":[{"@type":"WebPage","@id":"https:\/\/locadodo974.com\/booking-confirmation\/transaction-failed\/","url":"https:\/\/locadodo974.com\/booking-confirmation\/transaction-failed\/","name":"Transaction Failed - Locadodo %","isPartOf":{"@id":"https:\/\/locadodo974.com\/#website"},"datePublished":"2019-03-21T22:31:36+00:00","dateModified":"2021-06-16T18:07:58+00:00","breadcrumb":{"@id":"https:\/\/locadodo974.com\/booking-confirmation\/transaction-failed\/#breadcrumb"},"inLanguage":"en-US","potentialAction":[{"@type":"ReadAction","target":["https:\/\/locadodo974.com\/booking-confirmation\/transaction-failed\/"]}]},{"@type":"BreadcrumbList","@id":"https:\/\/locadodo974.com\/booking-confirmation\/transaction-failed\/#breadcrumb","itemListElement":[{"@type":"ListItem","position":1,"name":"Accueil","item":"https:\/\/locadodo974.com\/"},{"@type":"ListItem","position":2,"name":"Booking Confirmation","item":"https:\/\/locadodo974.com\/booking-confirmation\/"},{"@type":"ListItem","position":3,"name":"Transaction Failed"}]},{"@type":"WebSite","@id":"https:\/\/locadodo974.com\/#website","url":"https:\/\/locadodo974.com\/","name":"Loca Dodo Locations Saisonni\u00e8res \u00e0 La R\u00e9union","description":"Conciergerie - Locations saisonni\u00e8res et temporaires","publisher":{"@id":"https:\/\/locadodo974.com\/#organization"},"alternateName":"Locadodo 974","potentialAction":[{"@type":"SearchAction","target":{"@type":"EntryPoint","urlTemplate":"https:\/\/locadodo974.com\/?s={search_term_string}"},"query-input":{"@type":"PropertyValueSpecification","valueRequired":true,"valueName":"search_term_string"}}],"inLanguage":"en-US"},{"@type":"Organization","@id":"https:\/\/locadodo974.com\/#organization","name":"LocaDodo","url":"https:\/\/locadodo974.com\/","logo":{"@type":"ImageObject","inLanguage":"en-US","@id":"https:\/\/locadodo974.com\/#\/schema\/logo\/image\/","url":"https:\/\/locadodo974.com\/wp-content\/uploads\/2021\/06\/FINAL-LOGO-Option-2.jpg","contentUrl":"https:\/\/locadodo974.com\/wp-content\/uploads\/2021\/06\/FINAL-LOGO-Option-2.jpg","width":1597,"height":1375,"caption":"LocaDodo"},"image":{"@id":"https:\/\/locadodo974.com\/#\/schema\/logo\/image\/"},"sameAs":["http:\/\/www.facebook.com\/locadodo"]}]}},"_links":{"self":[{"href":"https:\/\/locadodo974.com\/en\/wp-json\/wp\/v2\/pages\/570","targetHints":{"allow":["GET"]}}],"collection":[{"href":"https:\/\/locadodo974.com\/en\/wp-json\/wp\/v2\/pages"}],"about":[{"href":"https:\/\/locadodo974.com\/en\/wp-json\/wp\/v2\/types\/page"}],"author":[{"embeddable":true,"href":"https:\/\/locadodo974.com\/en\/wp-json\/wp\/v2\/users\/1"}],"replies":[{"embeddable":true,"href":"https:\/\/locadodo974.com\/en\/wp-json\/wp\/v2\/comments?post=570"}],"version-history":[{"count":0,"href":"https:\/\/locadodo974.com\/en\/wp-json\/wp\/v2\/pages\/570\/revisions"}],"up":[{"embeddable":true,"href":"https:\/\/locadodo974.com\/en\/wp-json\/wp\/v2\/pages\/572"}],"wp:attachment":[{"href":"https:\/\/locadodo974.com\/en\/wp-json\/wp\/v2\/media?parent=570"}],"curies":[{"name":"wp","href":"https:\/\/api.w.org\/{rel}","templated":true}]}}